{"id":416,"date":"2020-09-15T06:49:03","date_gmt":"2020-09-15T09:49:03","guid":{"rendered":"https:\/\/elfronton.club\/eventos\/contact\/"},"modified":"2023-06-14T13:21:47","modified_gmt":"2023-06-14T16:21:47","slug":"contacto","status":"publish","type":"page","link":"https:\/\/elfronton.club\/eventos\/contacto\/","title":{"rendered":"Contacto"},"content":{"rendered":"\n<div class=\"wp-block-uagb-container uagb-block-2a7e3207 alignfull uagb-is-root-container\"><div class=\"uagb-container-inner-blocks-wrap\">\n<div class=\"wp-block-uagb-advanced-heading uagb-block-cd89d1be\"><h1 class=\"uagb-heading-text\">Contactanos<\/h1><\/div>\n<\/div><\/div>\n\n\n\n<div class=\"wp-block-uagb-container uagb-block-987ab205 alignfull uagb-is-root-container\"><div class=\"uagb-container-inner-blocks-wrap\">\n<div class=\"wp-block-uagb-container uagb-block-8b0f7cf0\">\n<div class=\"wp-block-uagb-advanced-heading uagb-block-84bfd157\"><h2 class=\"uagb-heading-text\">Estamos para ayudarte<\/h2><\/div>\n\n\n<div class=\"wpforms-container wpforms-block wpforms-block-8193893e-6233-4f59-a4e3-e380dc2fa7c8\" id=\"wpforms-12\"><form id=\"wpforms-form-12\" class=\"wpforms-validate wpforms-form\" data-formid=\"12\" method=\"post\" enctype=\"multipart\/form-data\" action=\"\/eventos\/wp-json\/wp\/v2\/pages\/416\" data-token=\"46768301c559658c706e36905ff7ca87\" data-token-time=\"1775903484\"><noscript class=\"wpforms-error-noscript\">Por favor, activa JavaScript en tu navegador para completar este formulario.<\/noscript><div class=\"wpforms-field-container\"><div id=\"wpforms-12-field_0-container\" class=\"wpforms-field wpforms-field-name\" data-field-id=\"0\"><label class=\"wpforms-field-label wpforms-label-hide\" for=\"wpforms-12-field_0\">Nombre <span class=\"wpforms-required-label\">*<\/span><\/label><input type=\"text\" id=\"wpforms-12-field_0\" class=\"wpforms-field-large wpforms-field-required\" name=\"wpforms[fields][0]\" placeholder=\"Tu nombre\" required><\/div><div id=\"wpforms-12-field_1-container\" class=\"wpforms-field wpforms-field-email\" data-field-id=\"1\"><label class=\"wpforms-field-label wpforms-label-hide\" for=\"wpforms-12-field_1\">Email <span class=\"wpforms-required-label\">*<\/span><\/label><input type=\"email\" id=\"wpforms-12-field_1\" class=\"wpforms-field-large wpforms-field-required\" name=\"wpforms[fields][1]\" placeholder=\"Direccion Email \" spellcheck=\"false\" required><\/div><div id=\"wpforms-12-field_2-container\" class=\"wpforms-field wpforms-field-textarea\" data-field-id=\"2\"><label class=\"wpforms-field-label wpforms-label-hide\" for=\"wpforms-12-field_2\">Mensaje <span class=\"wpforms-required-label\">*<\/span><\/label><textarea id=\"wpforms-12-field_2\" class=\"wpforms-field-medium wpforms-field-required\" name=\"wpforms[fields][2]\" placeholder=\"Tu Mensaje\" required><\/textarea><\/div><\/div><!-- .wpforms-field-container --><div class=\"wpforms-field wpforms-field-hp\"><label for=\"wpforms-12-field-hp\" class=\"wpforms-field-label\">Phone<\/label><input type=\"text\" name=\"wpforms[hp]\" id=\"wpforms-12-field-hp\" class=\"wpforms-field-medium\"><\/div><div class=\"wpforms-submit-container\" ><input type=\"hidden\" name=\"wpforms[id]\" value=\"12\"><input type=\"hidden\" name=\"page_title\" value=\"\"><input type=\"hidden\" name=\"page_url\" value=\"https:\/\/elfronton.club\/eventos\/wp-json\/wp\/v2\/pages\/416\"><input type=\"hidden\" name=\"url_referer\" value=\"\"><button type=\"submit\" name=\"wpforms[submit]\" id=\"wpforms-submit-12\" class=\"wpforms-submit\" data-alt-text=\"Enviando...\" data-submit-text=\"Enviar Mensaje\" aria-live=\"assertive\" value=\"wpforms-submit\">Enviar Mensaje<\/button><\/div><\/form><\/div>  <!-- .wpforms-container --><\/div>\n\n\n\n<div class=\"wp-block-uagb-container uagb-block-7d161a23\">\n<div class=\"wp-block-uagb-advanced-heading uagb-block-0f053b60\"><h2 class=\"uagb-heading-text\">informaci\u00f3n<\/h2><\/div>\n\n\n\n<div class=\"wp-block-uagb-advanced-heading uagb-block-8399c8d3\"><h5 class=\"uagb-heading-text\"><strong>Direcci\u00f3n<\/strong><\/h5><p class=\"uagb-desc-text\">Tito Crosetti y Camino las Tropas. San Andr\u00e9s de Giles. Pcia Bs As<\/p><\/div>\n\n\n\n<div class=\"wp-block-uagb-advanced-heading uagb-block-36502991\"><h5 class=\"uagb-heading-text\"><strong>Email <\/strong><\/h5><p class=\"uagb-desc-text\">hola@elfronton.club<\/p><\/div>\n\n\n\n<div class=\"wp-block-uagb-advanced-heading uagb-block-731199da\"><h5 class=\"uagb-heading-text\"><strong>Tienda<\/strong><\/h5><p class=\"uagb-desc-text\">2325 659126<\/p><\/div>\n\n\n\n<div class=\"wp-block-uagb-advanced-heading uagb-block-01bad87f\"><h5 class=\"uagb-heading-text\"><strong>Compart\u00ed<\/strong><\/h5><\/div>\n\n\n\n<div class=\"wp-block-uagb-social-share uagb-social-share__outer-wrap uagb-social-share__layout-horizontal uagb-block-ed491463\">\n<div class=\"wp-block-uagb-social-share-child uagb-ss-repeater uagb-ss__wrapper uagb-block-78763344\"><a class=\"uagb-ss__link\" data-href=\"https:\/\/www.facebook.com\/sharer.php?u=\" rel=\"noopener noreferrer\"><span class=\"uagb-ss__source-wrap\"><span class=\"uagb-ss__source-icon\"><svg xmlns=\"https:\/\/www.w3.org\/2000\/svg\" viewBox=\"0 0 320 512\"><path d=\"M279.1 288l14.22-92.66h-88.91v-60.13c0-25.35 12.42-50.06 52.24-50.06h40.42V6.26S260.4 0 225.4 0c-73.22 0-121.1 44.38-121.1 124.7v70.62H22.89V288h81.39v224h100.2V288z\"><\/path><\/svg><\/span><\/span><\/a><\/div>\n\n\n\n<div class=\"wp-block-uagb-social-share-child uagb-ss-repeater uagb-ss__wrapper uagb-block-a3448230\"><a class=\"uagb-ss__link\" data-href=\"https:\/\/twitter.com\/share?url=\" rel=\"noopener noreferrer\"><span class=\"uagb-ss__source-wrap\"><span class=\"uagb-ss__source-icon\"><svg xmlns=\"https:\/\/www.w3.org\/2000\/svg\" viewBox=\"0 0 512 512\"><path d=\"M459.4 151.7c.325 4.548 .325 9.097 .325 13.65 0 138.7-105.6 298.6-298.6 298.6-59.45 0-114.7-17.22-161.1-47.11 8.447 .974 16.57 1.299 25.34 1.299 49.06 0 94.21-16.57 130.3-44.83-46.13-.975-84.79-31.19-98.11-72.77 6.498 .974 12.99 1.624 19.82 1.624 9.421 0 18.84-1.3 27.61-3.573-48.08-9.747-84.14-51.98-84.14-102.1v-1.299c13.97 7.797 30.21 12.67 47.43 13.32-28.26-18.84-46.78-51.01-46.78-87.39 0-19.49 5.197-37.36 14.29-52.95 51.65 63.67 129.3 105.3 216.4 109.8-1.624-7.797-2.599-15.92-2.599-24.04 0-57.83 46.78-104.9 104.9-104.9 30.21 0 57.5 12.67 76.67 33.14 23.72-4.548 46.46-13.32 66.6-25.34-7.798 24.37-24.37 44.83-46.13 57.83 21.12-2.273 41.58-8.122 60.43-16.24-14.29 20.79-32.16 39.31-52.63 54.25z\"><\/path><\/svg><\/span><\/span><\/a><\/div>\n\n\n\n<div class=\"wp-block-uagb-social-share-child uagb-ss-repeater uagb-ss__wrapper uagb-block-9fab9e42\"><a class=\"uagb-ss__link\" data-href=\"https:\/\/plus.google.com\/share?url=\" rel=\"noopener noreferrer\"><span class=\"uagb-ss__source-wrap\"><span class=\"uagb-ss__source-icon\"><svg xmlns=\"https:\/\/www.w3.org\/2000\/svg\" viewBox=\"0 0 576 512\"><path d=\"M549.7 124.1c-6.281-23.65-24.79-42.28-48.28-48.6C458.8 64 288 64 288 64S117.2 64 74.63 75.49c-23.5 6.322-42 24.95-48.28 48.6-11.41 42.87-11.41 132.3-11.41 132.3s0 89.44 11.41 132.3c6.281 23.65 24.79 41.5 48.28 47.82C117.2 448 288 448 288 448s170.8 0 213.4-11.49c23.5-6.321 42-24.17 48.28-47.82 11.41-42.87 11.41-132.3 11.41-132.3s0-89.44-11.41-132.3zm-317.5 213.5V175.2l142.7 81.21-142.7 81.2z\"><\/path><\/svg><\/span><\/span><\/a><\/div>\n<\/div>\n<\/div>\n<\/div><\/div>\n","protected":false},"excerpt":{"rendered":"<p>Contactanos Estamos para ayudarte informaci\u00f3n Direcci\u00f3n Tito Crosetti y Camino las Tropas. San Andr\u00e9s de Giles. Pcia Bs As Email hola@elfronton.club Tienda 2325 659126 Compart\u00ed<\/p>\n","protected":false},"author":2,"featured_media":0,"parent":0,"menu_order":0,"comment_status":"closed","ping_status":"closed","template":"","meta":{"_uag_custom_page_level_css":"","site-sidebar-layout":"no-sidebar","site-content-layout":"plain-container","ast-site-content-layout":"","site-content-style":"default","site-sidebar-style":"default","ast-global-header-display":"","ast-banner-title-visibility":"","ast-main-header-display":"","ast-hfb-above-header-display":"","ast-hfb-below-header-display":"","ast-hfb-mobile-header-display":"","site-post-title":"disabled","ast-breadcrumbs-content":"","ast-featured-img":"","footer-sml-layout":"","theme-transparent-header-meta":"enabled","adv-header-id-meta":"","stick-header-meta":"","header-above-stick-meta":"","header-main-stick-meta":"","header-below-stick-meta":"","astra-migrate-meta-layouts":"default","ast-page-background-enabled":"default","ast-page-background-meta":{"desktop":{"background-color":"","background-image":"","background-repeat":"repeat","background-position":"center center","background-size":"auto","background-attachment":"scroll","background-type":"","background-media":"","overlay-type":"","overlay-color":"","overlay-gradient":""},"tablet":{"background-color":"","background-image":"","background-repeat":"repeat","background-position":"center center","background-size":"auto","background-attachment":"scroll","background-type":"","background-media":"","overlay-type":"","overlay-color":"","overlay-gradient":""},"mobile":{"background-color":"","background-image":"","background-repeat":"repeat","background-position":"center center","background-size":"auto","background-attachment":"scroll","background-type":"","background-media":"","overlay-type":"","overlay-color":"","overlay-gradient":""}},"ast-content-background-meta":{"desktop":{"background-color":"var(--ast-global-color-5)","background-image":"","background-repeat":"repeat","background-position":"center center","background-size":"auto","background-attachment":"scroll","background-type":"","background-media":"","overlay-type":"","overlay-color":"","overlay-gradient":""},"tablet":{"background-color":"var(--ast-global-color-5)","background-image":"","background-repeat":"repeat","background-position":"center center","background-size":"auto","background-attachment":"scroll","background-type":"","background-media":"","overlay-type":"","overlay-color":"","overlay-gradient":""},"mobile":{"background-color":"var(--ast-global-color-5)","background-image":"","background-repeat":"repeat","background-position":"center center","background-size":"auto","background-attachment":"scroll","background-type":"","background-media":"","overlay-type":"","overlay-color":"","overlay-gradient":""}},"_joinchat":[],"footnotes":""},"class_list":["post-416","page","type-page","status-publish","hentry"],"yoast_head":"<!-- This site is optimized with the Yoast SEO plugin v27.3 - https:\/\/yoast.com\/product\/yoast-seo-wordpress\/ -->\n<title>Contacto &#8226; Eventos Front\u00f3n<\/title>\n<meta name=\"robots\" content=\"index, follow, max-snippet:-1, max-image-preview:large, max-video-preview:-1\" \/>\n<link rel=\"canonical\" href=\"https:\/\/elfronton.club\/eventos\/contacto\/\" \/>\n<meta property=\"og:locale\" content=\"es_ES\" \/>\n<meta property=\"og:type\" content=\"article\" \/>\n<meta property=\"og:title\" content=\"Contacto &#8226; Eventos Front\u00f3n\" \/>\n<meta property=\"og:description\" content=\"Contactanos Estamos para ayudarte informaci\u00f3n Direcci\u00f3n Tito Crosetti y Camino las Tropas. San Andr\u00e9s de Giles. Pcia Bs As Email hola@elfronton.club Tienda 2325 659126 Compart\u00ed\" \/>\n<meta property=\"og:url\" content=\"https:\/\/elfronton.club\/eventos\/contacto\/\" \/>\n<meta property=\"og:site_name\" content=\"Eventos Front\u00f3n\" \/>\n<meta property=\"article:modified_time\" content=\"2023-06-14T16:21:47+00:00\" \/>\n<meta name=\"twitter:card\" content=\"summary_large_image\" \/>\n<meta name=\"twitter:label1\" content=\"Tiempo de lectura\" \/>\n\t<meta name=\"twitter:data1\" content=\"1 minuto\" \/>\n<script type=\"application\/ld+json\" class=\"yoast-schema-graph\">{\"@context\":\"https:\\\/\\\/schema.org\",\"@graph\":[{\"@type\":\"WebPage\",\"@id\":\"https:\\\/\\\/elfronton.club\\\/eventos\\\/contacto\\\/\",\"url\":\"https:\\\/\\\/elfronton.club\\\/eventos\\\/contacto\\\/\",\"name\":\"Contacto &#8226; Eventos Front\u00f3n\",\"isPartOf\":{\"@id\":\"https:\\\/\\\/elfronton.club\\\/eventos\\\/#website\"},\"datePublished\":\"2020-09-15T09:49:03+00:00\",\"dateModified\":\"2023-06-14T16:21:47+00:00\",\"breadcrumb\":{\"@id\":\"https:\\\/\\\/elfronton.club\\\/eventos\\\/contacto\\\/#breadcrumb\"},\"inLanguage\":\"es\",\"potentialAction\":[{\"@type\":\"ReadAction\",\"target\":[\"https:\\\/\\\/elfronton.club\\\/eventos\\\/contacto\\\/\"]}]},{\"@type\":\"BreadcrumbList\",\"@id\":\"https:\\\/\\\/elfronton.club\\\/eventos\\\/contacto\\\/#breadcrumb\",\"itemListElement\":[{\"@type\":\"ListItem\",\"position\":1,\"name\":\"Portada\",\"item\":\"https:\\\/\\\/elfronton.club\\\/eventos\\\/\"},{\"@type\":\"ListItem\",\"position\":2,\"name\":\"Contacto\"}]},{\"@type\":\"WebSite\",\"@id\":\"https:\\\/\\\/elfronton.club\\\/eventos\\\/#website\",\"url\":\"https:\\\/\\\/elfronton.club\\\/eventos\\\/\",\"name\":\"Eventos Front\u00f3n\",\"description\":\"Obtene tus entradas para nuestros eventos\",\"publisher\":{\"@id\":\"https:\\\/\\\/elfronton.club\\\/eventos\\\/#organization\"},\"potentialAction\":[{\"@type\":\"SearchAction\",\"target\":{\"@type\":\"EntryPoint\",\"urlTemplate\":\"https:\\\/\\\/elfronton.club\\\/eventos\\\/?s={search_term_string}\"},\"query-input\":{\"@type\":\"PropertyValueSpecification\",\"valueRequired\":true,\"valueName\":\"search_term_string\"}}],\"inLanguage\":\"es\"},{\"@type\":\"Organization\",\"@id\":\"https:\\\/\\\/elfronton.club\\\/eventos\\\/#organization\",\"name\":\"Eventos Front\u00f3n\",\"url\":\"https:\\\/\\\/elfronton.club\\\/eventos\\\/\",\"logo\":{\"@type\":\"ImageObject\",\"inLanguage\":\"es\",\"@id\":\"https:\\\/\\\/elfronton.club\\\/eventos\\\/#\\\/schema\\\/logo\\\/image\\\/\",\"url\":\"https:\\\/\\\/elfronton.club\\\/eventos\\\/wp-content\\\/uploads\\\/2023\\\/06\\\/eventos-fronton-cabecera.jpg\",\"contentUrl\":\"https:\\\/\\\/elfronton.club\\\/eventos\\\/wp-content\\\/uploads\\\/2023\\\/06\\\/eventos-fronton-cabecera.jpg\",\"width\":598,\"height\":200,\"caption\":\"Eventos Front\u00f3n\"},\"image\":{\"@id\":\"https:\\\/\\\/elfronton.club\\\/eventos\\\/#\\\/schema\\\/logo\\\/image\\\/\"}}]}<\/script>\n<!-- \/ Yoast SEO plugin. -->","yoast_head_json":{"title":"Contacto &#8226; Eventos Front\u00f3n","robots":{"index":"index","follow":"follow","max-snippet":"max-snippet:-1","max-image-preview":"max-image-preview:large","max-video-preview":"max-video-preview:-1"},"canonical":"https:\/\/elfronton.club\/eventos\/contacto\/","og_locale":"es_ES","og_type":"article","og_title":"Contacto &#8226; Eventos Front\u00f3n","og_description":"Contactanos Estamos para ayudarte informaci\u00f3n Direcci\u00f3n Tito Crosetti y Camino las Tropas. San Andr\u00e9s de Giles. Pcia Bs As Email hola@elfronton.club Tienda 2325 659126 Compart\u00ed","og_url":"https:\/\/elfronton.club\/eventos\/contacto\/","og_site_name":"Eventos Front\u00f3n","article_modified_time":"2023-06-14T16:21:47+00:00","twitter_card":"summary_large_image","twitter_misc":{"Tiempo de lectura":"1 minuto"},"schema":{"@context":"https:\/\/schema.org","@graph":[{"@type":"WebPage","@id":"https:\/\/elfronton.club\/eventos\/contacto\/","url":"https:\/\/elfronton.club\/eventos\/contacto\/","name":"Contacto &#8226; Eventos Front\u00f3n","isPartOf":{"@id":"https:\/\/elfronton.club\/eventos\/#website"},"datePublished":"2020-09-15T09:49:03+00:00","dateModified":"2023-06-14T16:21:47+00:00","breadcrumb":{"@id":"https:\/\/elfronton.club\/eventos\/contacto\/#breadcrumb"},"inLanguage":"es","potentialAction":[{"@type":"ReadAction","target":["https:\/\/elfronton.club\/eventos\/contacto\/"]}]},{"@type":"BreadcrumbList","@id":"https:\/\/elfronton.club\/eventos\/contacto\/#breadcrumb","itemListElement":[{"@type":"ListItem","position":1,"name":"Portada","item":"https:\/\/elfronton.club\/eventos\/"},{"@type":"ListItem","position":2,"name":"Contacto"}]},{"@type":"WebSite","@id":"https:\/\/elfronton.club\/eventos\/#website","url":"https:\/\/elfronton.club\/eventos\/","name":"Eventos Front\u00f3n","description":"Obtene tus entradas para nuestros eventos","publisher":{"@id":"https:\/\/elfronton.club\/eventos\/#organization"},"potentialAction":[{"@type":"SearchAction","target":{"@type":"EntryPoint","urlTemplate":"https:\/\/elfronton.club\/eventos\/?s={search_term_string}"},"query-input":{"@type":"PropertyValueSpecification","valueRequired":true,"valueName":"search_term_string"}}],"inLanguage":"es"},{"@type":"Organization","@id":"https:\/\/elfronton.club\/eventos\/#organization","name":"Eventos Front\u00f3n","url":"https:\/\/elfronton.club\/eventos\/","logo":{"@type":"ImageObject","inLanguage":"es","@id":"https:\/\/elfronton.club\/eventos\/#\/schema\/logo\/image\/","url":"https:\/\/elfronton.club\/eventos\/wp-content\/uploads\/2023\/06\/eventos-fronton-cabecera.jpg","contentUrl":"https:\/\/elfronton.club\/eventos\/wp-content\/uploads\/2023\/06\/eventos-fronton-cabecera.jpg","width":598,"height":200,"caption":"Eventos Front\u00f3n"},"image":{"@id":"https:\/\/elfronton.club\/eventos\/#\/schema\/logo\/image\/"}}]}},"uagb_featured_image_src":{"full":false,"thumbnail":false,"medium":false,"medium_large":false,"large":false,"1536x1536":false,"2048x2048":false,"woocommerce_thumbnail":false,"woocommerce_single":false,"woocommerce_gallery_thumbnail":false},"uagb_author_info":{"display_name":"El Front\u00f3n","author_link":"https:\/\/elfronton.club\/eventos\/author\/elfronto\/"},"uagb_comment_info":0,"uagb_excerpt":"Contactanos Estamos para ayudarte informaci\u00f3n Direcci\u00f3n Tito Crosetti y Camino las Tropas. San Andr\u00e9s de Giles. Pcia Bs As Email hola@elfronton.club Tienda 2325 659126 Compart\u00ed","_links":{"self":[{"href":"https:\/\/elfronton.club\/eventos\/wp-json\/wp\/v2\/pages\/416","targetHints":{"allow":["GET"]}}],"collection":[{"href":"https:\/\/elfronton.club\/eventos\/wp-json\/wp\/v2\/pages"}],"about":[{"href":"https:\/\/elfronton.club\/eventos\/wp-json\/wp\/v2\/types\/page"}],"author":[{"embeddable":true,"href":"https:\/\/elfronton.club\/eventos\/wp-json\/wp\/v2\/users\/2"}],"replies":[{"embeddable":true,"href":"https:\/\/elfronton.club\/eventos\/wp-json\/wp\/v2\/comments?post=416"}],"version-history":[{"count":1,"href":"https:\/\/elfronton.club\/eventos\/wp-json\/wp\/v2\/pages\/416\/revisions"}],"predecessor-version":[{"id":1219,"href":"https:\/\/elfronton.club\/eventos\/wp-json\/wp\/v2\/pages\/416\/revisions\/1219"}],"wp:attachment":[{"href":"https:\/\/elfronton.club\/eventos\/wp-json\/wp\/v2\/media?parent=416"}],"curies":[{"name":"wp","href":"https:\/\/api.w.org\/{rel}","templated":true}]}}